{"id":1741,"date":"2024-04-24T21:09:43","date_gmt":"2024-04-24T21:09:43","guid":{"rendered":"https:\/\/hostalpuritama.com\/como-chegar\/"},"modified":"2024-04-25T01:47:42","modified_gmt":"2024-04-25T01:47:42","slug":"como-chegar","status":"publish","type":"page","link":"https:\/\/hostalpuritama.com\/pt-br\/como-chegar\/","title":{"rendered":"Como chegar"},"content":{"rendered":"\t\t<div data-elementor-type=\"wp-page\" data-elementor-id=\"1741\" class=\"elementor elementor-1741 elementor-1302\" data-elementor-post-type=\"page\">\n\t\t\t\t\t\t<section class=\"elementor-section elementor-top-section elementor-element elementor-element-58b7460 elementor-section-full_width elementor-section-height-min-height elementor-section-height-default elementor-section-items-middle\" data-id=\"58b7460\" data-element_type=\"section\" data-e-type=\"section\" data-settings=\"{&quot;background_background&quot;:&quot;classic&quot;,&quot;jet_parallax_layout_list&quot;:[]}\">\n\t\t\t\t\t\t<div class=\"elementor-container elementor-column-gap-default\">\n\t\t\t\t\t<div class=\"elementor-column elementor-col-33 elementor-top-column elementor-element elementor-element-2c4669b\" data-id=\"2c4669b\" data-element_type=\"column\" data-e-type=\"column\">\n\t\t\t<div class=\"elementor-widget-wrap elementor-element-populated\">\n\t\t\t\t\t\t<div class=\"elementor-element elementor-element-8109f3e elementor-widget elementor-widget-image\" data-id=\"8109f3e\" data-element_type=\"widget\" data-e-type=\"widget\" data-widget_type=\"image.default\">\n\t\t\t\t<div class=\"elementor-widget-container\">\n\t\t\t\t\t\t\t\t\t\t\t\t\t\t\t<img fetchpriority=\"high\" decoding=\"async\" width=\"516\" height=\"1024\" src=\"https:\/\/hostalpuritama.com\/wp-content\/uploads\/2022\/08\/Planta-izquierda-516x1024.png\" class=\"attachment-large size-large wp-image-437\" alt=\"\" srcset=\"https:\/\/hostalpuritama.com\/wp-content\/uploads\/2022\/08\/Planta-izquierda-516x1024.png 516w, https:\/\/hostalpuritama.com\/wp-content\/uploads\/2022\/08\/Planta-izquierda-151x300.png 151w, https:\/\/hostalpuritama.com\/wp-content\/uploads\/2022\/08\/Planta-izquierda.png 746w\" sizes=\"(max-width: 516px) 100vw, 516px\" \/>\t\t\t\t\t\t\t\t\t\t\t\t\t\t\t<\/div>\n\t\t\t\t<\/div>\n\t\t\t\t\t<\/div>\n\t\t<\/div>\n\t\t\t\t<div class=\"elementor-column elementor-col-33 elementor-top-column elementor-element elementor-element-dc1e2ce\" data-id=\"dc1e2ce\" data-element_type=\"column\" data-e-type=\"column\">\n\t\t\t<div class=\"elementor-widget-wrap elementor-element-populated\">\n\t\t\t\t\t\t<div class=\"elementor-element elementor-element-5f880ef elementor-widget elementor-widget-text-editor\" data-id=\"5f880ef\" data-element_type=\"widget\" data-e-type=\"widget\" data-widget_type=\"text-editor.default\">\n\t\t\t\t<div class=\"elementor-widget-container\">\n\t\t\t\t\t\t\t\t\t<h1>Como chegar<\/h1>\n\t\t\t\t\t\t\t\t<\/div>\n\t\t\t\t<\/div>\n\t\t\t\t\t<\/div>\n\t\t<\/div>\n\t\t\t\t<div class=\"elementor-column elementor-col-33 elementor-top-column elementor-element elementor-element-fe792f8\" data-id=\"fe792f8\" data-element_type=\"column\" data-e-type=\"column\">\n\t\t\t<div class=\"elementor-widget-wrap elementor-element-populated\">\n\t\t\t\t\t\t<div class=\"elementor-element elementor-element-e10fa48 elementor-widget elementor-widget-image\" data-id=\"e10fa48\" data-element_type=\"widget\" data-e-type=\"widget\" data-widget_type=\"image.default\">\n\t\t\t\t<div class=\"elementor-widget-container\">\n\t\t\t\t\t\t\t\t\t\t\t\t\t\t\t<img decoding=\"async\" width=\"800\" height=\"928\" src=\"https:\/\/hostalpuritama.com\/wp-content\/uploads\/2022\/08\/Planta-derecha-883x1024.png\" class=\"attachment-large size-large wp-image-436\" alt=\"\" srcset=\"https:\/\/hostalpuritama.com\/wp-content\/uploads\/2022\/08\/Planta-derecha-883x1024.png 883w, https:\/\/hostalpuritama.com\/wp-content\/uploads\/2022\/08\/Planta-derecha-259x300.png 259w, https:\/\/hostalpuritama.com\/wp-content\/uploads\/2022\/08\/Planta-derecha-768x891.png 768w, https:\/\/hostalpuritama.com\/wp-content\/uploads\/2022\/08\/Planta-derecha.png 1015w\" sizes=\"(max-width: 800px) 100vw, 800px\" \/>\t\t\t\t\t\t\t\t\t\t\t\t\t\t\t<\/div>\n\t\t\t\t<\/div>\n\t\t\t\t\t<\/div>\n\t\t<\/div>\n\t\t\t\t\t<\/div>\n\t\t<\/section>\n\t\t\t\t<section class=\"elementor-section elementor-top-section elementor-element elementor-element-8c2f4ce elementor-section-full_width elementor-section-height-default elementor-section-height-default\" data-id=\"8c2f4ce\" data-element_type=\"section\" data-e-type=\"section\" data-settings=\"{&quot;jet_parallax_layout_list&quot;:[]}\">\n\t\t\t\t\t\t<div class=\"elementor-container elementor-column-gap-default\">\n\t\t\t\t\t<div class=\"elementor-column elementor-col-100 elementor-top-column elementor-element elementor-element-5153ecb\" data-id=\"5153ecb\" data-element_type=\"column\" data-e-type=\"column\">\n\t\t\t<div class=\"elementor-widget-wrap elementor-element-populated\">\n\t\t\t\t\t\t<div class=\"elementor-element elementor-element-7c70974 elementor-widget elementor-widget-text-editor\" data-id=\"7c70974\" data-element_type=\"widget\" data-e-type=\"widget\" data-widget_type=\"text-editor.default\">\n\t\t\t\t<div class=\"elementor-widget-container\">\n\t\t\t\t\t\t\t\t\t<p>Para chegar ao Hostal Puritama em San Pedro de Atacama, localizado na Calle Caracoles 113, h\u00e1 v\u00e1rias op\u00e7\u00f5es, dependendo de seu ponto de partida. Se voc\u00ea estiver em Santiago, a melhor maneira de chegar l\u00e1 \u00e9 por meio de um voo para Calama. Uma vez em Calama, voc\u00ea tem v\u00e1rias alternativas para chegar ao albergue.<\/p>\n\t\t\t\t\t\t\t\t<\/div>\n\t\t\t\t<\/div>\n\t\t\t\t<div class=\"elementor-element elementor-element-01ea1b2 elementor-arrows-position-inside elementor-pagination-position-outside elementor-widget elementor-widget-image-carousel\" data-id=\"01ea1b2\" data-element_type=\"widget\" data-e-type=\"widget\" data-settings=\"{&quot;slides_to_show&quot;:&quot;3&quot;,&quot;slides_to_scroll&quot;:&quot;1&quot;,&quot;image_spacing_custom&quot;:{&quot;unit&quot;:&quot;px&quot;,&quot;size&quot;:10,&quot;sizes&quot;:[]},&quot;navigation&quot;:&quot;both&quot;,&quot;autoplay&quot;:&quot;yes&quot;,&quot;pause_on_hover&quot;:&quot;yes&quot;,&quot;pause_on_interaction&quot;:&quot;yes&quot;,&quot;autoplay_speed&quot;:5000,&quot;infinite&quot;:&quot;yes&quot;,&quot;speed&quot;:500,&quot;image_spacing_custom_tablet&quot;:{&quot;unit&quot;:&quot;px&quot;,&quot;size&quot;:&quot;&quot;,&quot;sizes&quot;:[]},&quot;image_spacing_custom_mobile&quot;:{&quot;unit&quot;:&quot;px&quot;,&quot;size&quot;:&quot;&quot;,&quot;sizes&quot;:[]}}\" data-widget_type=\"image-carousel.default\">\n\t\t\t\t<div class=\"elementor-widget-container\">\n\t\t\t\t\t\t\t<div class=\"elementor-image-carousel-wrapper swiper\" role=\"region\" aria-roledescription=\"carousel\" aria-label=\"Carrossel de imagens\" dir=\"ltr\">\n\t\t\t<div class=\"elementor-image-carousel swiper-wrapper\" aria-live=\"off\">\n\t\t\t\t\t\t\t\t<div class=\"swiper-slide\" role=\"group\" aria-roledescription=\"slide\" aria-label=\"1 de 4\"><figure class=\"swiper-slide-inner\"><img decoding=\"async\" class=\"swiper-slide-image\" src=\"https:\/\/hostalpuritama.com\/wp-content\/uploads\/2024\/04\/Imagen-de-WhatsApp-2024-03-08-a-las-13.42.13_0095aa46-768x576.jpg\" alt=\"Imagen de WhatsApp 2024-03-08 a las 13.42.13_0095aa46\" \/><\/figure><\/div><div class=\"swiper-slide\" role=\"group\" aria-roledescription=\"slide\" aria-label=\"2 de 4\"><figure class=\"swiper-slide-inner\"><img decoding=\"async\" class=\"swiper-slide-image\" src=\"https:\/\/hostalpuritama.com\/wp-content\/uploads\/2022\/07\/WhatsApp-Image-2021-02-08-at-23.05.50-768x576.jpg\" alt=\"WhatsApp Image 2021-02-08 at 23.05.50\" \/><\/figure><\/div><div class=\"swiper-slide\" role=\"group\" aria-roledescription=\"slide\" aria-label=\"3 de 4\"><figure class=\"swiper-slide-inner\"><img decoding=\"async\" class=\"swiper-slide-image\" src=\"https:\/\/hostalpuritama.com\/wp-content\/uploads\/2024\/04\/175969821_605256553735486_6244744912174587391_n-768x576.jpg\" alt=\"175969821_605256553735486_6244744912174587391_n\" \/><\/figure><\/div><div class=\"swiper-slide\" role=\"group\" aria-roledescription=\"slide\" aria-label=\"4 de 4\"><figure class=\"swiper-slide-inner\"><img decoding=\"async\" class=\"swiper-slide-image\" src=\"https:\/\/hostalpuritama.com\/wp-content\/uploads\/2024\/04\/179157936_605249930402815_7170736670074632535_n-768x576.jpg\" alt=\"179157936_605249930402815_7170736670074632535_n\" \/><\/figure><\/div>\t\t\t<\/div>\n\t\t\t\t\t\t\t\t\t\t\t\t<div class=\"elementor-swiper-button elementor-swiper-button-prev\" role=\"button\" tabindex=\"0\">\n\t\t\t\t\t\t<i aria-hidden=\"true\" class=\"eicon-chevron-left\"><\/i>\t\t\t\t\t<\/div>\n\t\t\t\t\t<div class=\"elementor-swiper-button elementor-swiper-button-next\" role=\"button\" tabindex=\"0\">\n\t\t\t\t\t\t<i aria-hidden=\"true\" class=\"eicon-chevron-right\"><\/i>\t\t\t\t\t<\/div>\n\t\t\t\t\n\t\t\t\t\t\t\t\t\t<div class=\"swiper-pagination\"><\/div>\n\t\t\t\t\t\t\t\t\t<\/div>\n\t\t\t\t\t\t<\/div>\n\t\t\t\t<\/div>\n\t\t\t\t<div class=\"elementor-element elementor-element-a2fd733 elementor-widget elementor-widget-text-editor\" data-id=\"a2fd733\" data-element_type=\"widget\" data-e-type=\"widget\" data-widget_type=\"text-editor.default\">\n\t\t\t\t<div class=\"elementor-widget-container\">\n\t\t\t\t\t\t\t\t\t<div class=\"flex-1 overflow-hidden\">\n<div class=\"react-scroll-to-bottom--css-wqnwb-79elbk h-full\">\n<div class=\"react-scroll-to-bottom--css-wqnwb-1n7m0yu\">\n<div class=\"flex flex-col text-sm pb-9\">\n<div class=\"w-full text-token-text-primary\" dir=\"auto\" data-testid=\"conversation-turn-37\">\n<div class=\"px-4 py-2 justify-center text-base md:gap-6 m-auto\">\n<div class=\"flex flex-1 text-base mx-auto gap-3 juice:gap-4 juice:md:gap-6 md:px-5 lg:px-1 xl:px-5 md:max-w-3xl lg:max-w-[40rem] xl:max-w-[48rem]\">\n<div class=\"relative flex w-full min-w-0 flex-col agent-turn\">\n<div class=\"flex-col gap-1 md:gap-3\">\n<div class=\"flex flex-grow flex-col max-w-full\">\n<div class=\"min-h-[20px] text-message flex flex-col items-start gap-3 whitespace-pre-wrap break-words [.text-message+&amp;]:mt-5 overflow-x-auto\" dir=\"auto\" data-message-author-role=\"assistant\" data-message-id=\"cb4530ee-3ce7-4962-a997-208ee086428c\">\n<div class=\"markdown prose w-full break-words dark:prose-invert dark\">\n<p>Do aeroporto de Calama, voc\u00ea pode optar por um servi\u00e7o de traslado direto para o hostel, o que \u00e9 uma op\u00e7\u00e3o conveniente se voc\u00ea preferir evitar o inc\u00f4modo de organizar seu pr\u00f3prio transporte. Esse servi\u00e7o geralmente \u00e9 r\u00e1pido e conveniente, ideal para aqueles que querem chegar diretamente ao seu destino sem complica\u00e7\u00f5es.<\/p>\n<p>Outra alternativa \u00e9 pegar um \u00f4nibus do Terminal Rodovi\u00e1rio de Calama para San Pedro de Atacama. Essa rota \u00e9 bastante popular e oferece op\u00e7\u00f5es de \u00f4nibus regulares e de turismo, com hor\u00e1rios frequentes durante todo o dia. \u00c9 uma op\u00e7\u00e3o econ\u00f4mica e pr\u00e1tica para aqueles que preferem viajar de \u00f4nibus e apreciar a paisagem ao longo do caminho.<\/p>\n<p>Em resumo, a melhor maneira de chegar ao Hostal Puritama a partir de Santiago \u00e9 voar para Calama e, uma vez em Calama, voc\u00ea pode escolher entre um servi\u00e7o de transfer direto ou pegar um \u00f4nibus do terminal rodovi\u00e1rio para San Pedro de Atacama. Ambas op\u00e7\u00f5es s\u00e3o econ\u00f4micas e permitir\u00e3o que voc\u00ea aproveite sua viagem sem preocupa\u00e7\u00f5es log\u00edsticas.<\/p>\n<\/div>\n<\/div>\n<\/div>\n<\/div>\n<\/div>\n<\/div>\n<\/div>\n<\/div>\n<\/div>\n<\/div>\n<\/div>\n<\/div>\n\t\t\t\t\t\t\t\t<\/div>\n\t\t\t\t<\/div>\n\t\t\t\t\t<\/div>\n\t\t<\/div>\n\t\t\t\t\t<\/div>\n\t\t<\/section>\n\t\t\t\t<\/div>\n\t\t","protected":false},"excerpt":{"rendered":"<p>Como chegar Para chegar ao Hostal Puritama em San Pedro de Atacama, localizado na Calle Caracoles 113, h\u00e1 v\u00e1rias op\u00e7\u00f5es, dependendo de seu ponto de partida. Se voc\u00ea estiver em Santiago, a melhor maneira de chegar l\u00e1 \u00e9 por meio de um voo para Calama. Uma vez em Calama, voc\u00ea tem v\u00e1rias alternativas para chegar [&hellip;]<\/p>\n","protected":false},"author":1,"featured_media":0,"parent":0,"menu_order":0,"comment_status":"closed","ping_status":"closed","template":"","meta":{"footnotes":""},"class_list":["post-1741","page","type-page","status-publish","hentry"],"yoast_head":"<!-- This site is optimized with the Yoast SEO plugin v27.5 - https:\/\/yoast.com\/product\/yoast-seo-wordpress\/ -->\n<title>Como chegar - Hostal Puritama<\/title>\n<meta name=\"description\" content=\"Encontre facilmente nossa localiza\u00e7\u00e3o em San Pedro de Atacama. Orienta\u00e7\u00f5es e conselhos claros sobre como chegar l\u00e1 sem problemas.\" \/>\n<meta name=\"robots\" content=\"index, follow, max-snippet:-1, max-image-preview:large, max-video-preview:-1\" \/>\n<link rel=\"canonical\" href=\"https:\/\/hostalpuritama.com\/pt-br\/como-chegar\/\" \/>\n<meta property=\"og:locale\" content=\"pt_BR\" \/>\n<meta property=\"og:type\" content=\"article\" \/>\n<meta property=\"og:title\" content=\"Como chegar - Hostal Puritama\" \/>\n<meta property=\"og:description\" content=\"Encontre facilmente nossa localiza\u00e7\u00e3o em San Pedro de Atacama. Orienta\u00e7\u00f5es e conselhos claros sobre como chegar l\u00e1 sem problemas.\" \/>\n<meta property=\"og:url\" content=\"https:\/\/hostalpuritama.com\/pt-br\/como-chegar\/\" \/>\n<meta property=\"og:site_name\" content=\"Hostal Puritama\" \/>\n<meta property=\"article:modified_time\" content=\"2024-04-25T01:47:42+00:00\" \/>\n<meta property=\"og:image\" content=\"https:\/\/hostalpuritama.com\/wp-content\/uploads\/2022\/08\/Planta-izquierda-516x1024.png\" \/>\n<meta name=\"twitter:card\" content=\"summary_large_image\" \/>\n<meta name=\"twitter:label1\" content=\"Est. tempo de leitura\" \/>\n\t<meta name=\"twitter:data1\" content=\"1 minuto\" \/>\n<script type=\"application\/ld+json\" class=\"yoast-schema-graph\">{\"@context\":\"https:\\\/\\\/schema.org\",\"@graph\":[{\"@type\":\"WebPage\",\"@id\":\"https:\\\/\\\/hostalpuritama.com\\\/pt-br\\\/como-chegar\\\/\",\"url\":\"https:\\\/\\\/hostalpuritama.com\\\/pt-br\\\/como-chegar\\\/\",\"name\":\"Como chegar - Hostal Puritama\",\"isPartOf\":{\"@id\":\"https:\\\/\\\/hostalpuritama.com\\\/pt-br\\\/#website\"},\"primaryImageOfPage\":{\"@id\":\"https:\\\/\\\/hostalpuritama.com\\\/pt-br\\\/como-chegar\\\/#primaryimage\"},\"image\":{\"@id\":\"https:\\\/\\\/hostalpuritama.com\\\/pt-br\\\/como-chegar\\\/#primaryimage\"},\"thumbnailUrl\":\"https:\\\/\\\/hostalpuritama.com\\\/wp-content\\\/uploads\\\/2022\\\/08\\\/Planta-izquierda-516x1024.png\",\"datePublished\":\"2024-04-24T21:09:43+00:00\",\"dateModified\":\"2024-04-25T01:47:42+00:00\",\"description\":\"Encontre facilmente nossa localiza\u00e7\u00e3o em San Pedro de Atacama. Orienta\u00e7\u00f5es e conselhos claros sobre como chegar l\u00e1 sem problemas.\",\"breadcrumb\":{\"@id\":\"https:\\\/\\\/hostalpuritama.com\\\/pt-br\\\/como-chegar\\\/#breadcrumb\"},\"inLanguage\":\"pt-BR\",\"potentialAction\":[{\"@type\":\"ReadAction\",\"target\":[\"https:\\\/\\\/hostalpuritama.com\\\/pt-br\\\/como-chegar\\\/\"]}]},{\"@type\":\"ImageObject\",\"inLanguage\":\"pt-BR\",\"@id\":\"https:\\\/\\\/hostalpuritama.com\\\/pt-br\\\/como-chegar\\\/#primaryimage\",\"url\":\"https:\\\/\\\/hostalpuritama.com\\\/wp-content\\\/uploads\\\/2022\\\/08\\\/Planta-izquierda-516x1024.png\",\"contentUrl\":\"https:\\\/\\\/hostalpuritama.com\\\/wp-content\\\/uploads\\\/2022\\\/08\\\/Planta-izquierda-516x1024.png\"},{\"@type\":\"BreadcrumbList\",\"@id\":\"https:\\\/\\\/hostalpuritama.com\\\/pt-br\\\/como-chegar\\\/#breadcrumb\",\"itemListElement\":[{\"@type\":\"ListItem\",\"position\":1,\"name\":\"Portada\",\"item\":\"https:\\\/\\\/hostalpuritama.com\\\/pt-br\\\/\"},{\"@type\":\"ListItem\",\"position\":2,\"name\":\"Como chegar\"}]},{\"@type\":\"WebSite\",\"@id\":\"https:\\\/\\\/hostalpuritama.com\\\/pt-br\\\/#website\",\"url\":\"https:\\\/\\\/hostalpuritama.com\\\/pt-br\\\/\",\"name\":\"Hostal Puritama\",\"description\":\"Turismo em San Pedro de Atacama\",\"publisher\":{\"@id\":\"https:\\\/\\\/hostalpuritama.com\\\/pt-br\\\/#organization\"},\"potentialAction\":[{\"@type\":\"SearchAction\",\"target\":{\"@type\":\"EntryPoint\",\"urlTemplate\":\"https:\\\/\\\/hostalpuritama.com\\\/pt-br\\\/?s={search_term_string}\"},\"query-input\":{\"@type\":\"PropertyValueSpecification\",\"valueRequired\":true,\"valueName\":\"search_term_string\"}}],\"inLanguage\":\"pt-BR\"},{\"@type\":\"Organization\",\"@id\":\"https:\\\/\\\/hostalpuritama.com\\\/pt-br\\\/#organization\",\"name\":\"Hostal Puritama\",\"url\":\"https:\\\/\\\/hostalpuritama.com\\\/pt-br\\\/\",\"logo\":{\"@type\":\"ImageObject\",\"inLanguage\":\"pt-BR\",\"@id\":\"https:\\\/\\\/hostalpuritama.com\\\/pt-br\\\/#\\\/schema\\\/logo\\\/image\\\/\",\"url\":\"https:\\\/\\\/hostalpuritama.com\\\/wp-content\\\/uploads\\\/2022\\\/08\\\/Puritama-hostal.png\",\"contentUrl\":\"https:\\\/\\\/hostalpuritama.com\\\/wp-content\\\/uploads\\\/2022\\\/08\\\/Puritama-hostal.png\",\"width\":2078,\"height\":1178,\"caption\":\"Hostal Puritama\"},\"image\":{\"@id\":\"https:\\\/\\\/hostalpuritama.com\\\/pt-br\\\/#\\\/schema\\\/logo\\\/image\\\/\"}}]}<\/script>\n<!-- \/ Yoast SEO plugin. -->","yoast_head_json":{"title":"Como chegar - Hostal Puritama","description":"Encontre facilmente nossa localiza\u00e7\u00e3o em San Pedro de Atacama. Orienta\u00e7\u00f5es e conselhos claros sobre como chegar l\u00e1 sem problemas.","robots":{"index":"index","follow":"follow","max-snippet":"max-snippet:-1","max-image-preview":"max-image-preview:large","max-video-preview":"max-video-preview:-1"},"canonical":"https:\/\/hostalpuritama.com\/pt-br\/como-chegar\/","og_locale":"pt_BR","og_type":"article","og_title":"Como chegar - Hostal Puritama","og_description":"Encontre facilmente nossa localiza\u00e7\u00e3o em San Pedro de Atacama. Orienta\u00e7\u00f5es e conselhos claros sobre como chegar l\u00e1 sem problemas.","og_url":"https:\/\/hostalpuritama.com\/pt-br\/como-chegar\/","og_site_name":"Hostal Puritama","article_modified_time":"2024-04-25T01:47:42+00:00","og_image":[{"url":"https:\/\/hostalpuritama.com\/wp-content\/uploads\/2022\/08\/Planta-izquierda-516x1024.png","type":"","width":"","height":""}],"twitter_card":"summary_large_image","twitter_misc":{"Est. tempo de leitura":"1 minuto"},"schema":{"@context":"https:\/\/schema.org","@graph":[{"@type":"WebPage","@id":"https:\/\/hostalpuritama.com\/pt-br\/como-chegar\/","url":"https:\/\/hostalpuritama.com\/pt-br\/como-chegar\/","name":"Como chegar - Hostal Puritama","isPartOf":{"@id":"https:\/\/hostalpuritama.com\/pt-br\/#website"},"primaryImageOfPage":{"@id":"https:\/\/hostalpuritama.com\/pt-br\/como-chegar\/#primaryimage"},"image":{"@id":"https:\/\/hostalpuritama.com\/pt-br\/como-chegar\/#primaryimage"},"thumbnailUrl":"https:\/\/hostalpuritama.com\/wp-content\/uploads\/2022\/08\/Planta-izquierda-516x1024.png","datePublished":"2024-04-24T21:09:43+00:00","dateModified":"2024-04-25T01:47:42+00:00","description":"Encontre facilmente nossa localiza\u00e7\u00e3o em San Pedro de Atacama. Orienta\u00e7\u00f5es e conselhos claros sobre como chegar l\u00e1 sem problemas.","breadcrumb":{"@id":"https:\/\/hostalpuritama.com\/pt-br\/como-chegar\/#breadcrumb"},"inLanguage":"pt-BR","potentialAction":[{"@type":"ReadAction","target":["https:\/\/hostalpuritama.com\/pt-br\/como-chegar\/"]}]},{"@type":"ImageObject","inLanguage":"pt-BR","@id":"https:\/\/hostalpuritama.com\/pt-br\/como-chegar\/#primaryimage","url":"https:\/\/hostalpuritama.com\/wp-content\/uploads\/2022\/08\/Planta-izquierda-516x1024.png","contentUrl":"https:\/\/hostalpuritama.com\/wp-content\/uploads\/2022\/08\/Planta-izquierda-516x1024.png"},{"@type":"BreadcrumbList","@id":"https:\/\/hostalpuritama.com\/pt-br\/como-chegar\/#breadcrumb","itemListElement":[{"@type":"ListItem","position":1,"name":"Portada","item":"https:\/\/hostalpuritama.com\/pt-br\/"},{"@type":"ListItem","position":2,"name":"Como chegar"}]},{"@type":"WebSite","@id":"https:\/\/hostalpuritama.com\/pt-br\/#website","url":"https:\/\/hostalpuritama.com\/pt-br\/","name":"Hostal Puritama","description":"Turismo em San Pedro de Atacama","publisher":{"@id":"https:\/\/hostalpuritama.com\/pt-br\/#organization"},"potentialAction":[{"@type":"SearchAction","target":{"@type":"EntryPoint","urlTemplate":"https:\/\/hostalpuritama.com\/pt-br\/?s={search_term_string}"},"query-input":{"@type":"PropertyValueSpecification","valueRequired":true,"valueName":"search_term_string"}}],"inLanguage":"pt-BR"},{"@type":"Organization","@id":"https:\/\/hostalpuritama.com\/pt-br\/#organization","name":"Hostal Puritama","url":"https:\/\/hostalpuritama.com\/pt-br\/","logo":{"@type":"ImageObject","inLanguage":"pt-BR","@id":"https:\/\/hostalpuritama.com\/pt-br\/#\/schema\/logo\/image\/","url":"https:\/\/hostalpuritama.com\/wp-content\/uploads\/2022\/08\/Puritama-hostal.png","contentUrl":"https:\/\/hostalpuritama.com\/wp-content\/uploads\/2022\/08\/Puritama-hostal.png","width":2078,"height":1178,"caption":"Hostal Puritama"},"image":{"@id":"https:\/\/hostalpuritama.com\/pt-br\/#\/schema\/logo\/image\/"}}]}},"_links":{"self":[{"href":"https:\/\/hostalpuritama.com\/pt-br\/wp-json\/wp\/v2\/pages\/1741","targetHints":{"allow":["GET"]}}],"collection":[{"href":"https:\/\/hostalpuritama.com\/pt-br\/wp-json\/wp\/v2\/pages"}],"about":[{"href":"https:\/\/hostalpuritama.com\/pt-br\/wp-json\/wp\/v2\/types\/page"}],"author":[{"embeddable":true,"href":"https:\/\/hostalpuritama.com\/pt-br\/wp-json\/wp\/v2\/users\/1"}],"replies":[{"embeddable":true,"href":"https:\/\/hostalpuritama.com\/pt-br\/wp-json\/wp\/v2\/comments?post=1741"}],"version-history":[{"count":1,"href":"https:\/\/hostalpuritama.com\/pt-br\/wp-json\/wp\/v2\/pages\/1741\/revisions"}],"predecessor-version":[{"id":1742,"href":"https:\/\/hostalpuritama.com\/pt-br\/wp-json\/wp\/v2\/pages\/1741\/revisions\/1742"}],"wp:attachment":[{"href":"https:\/\/hostalpuritama.com\/pt-br\/wp-json\/wp\/v2\/media?parent=1741"}],"curies":[{"name":"wp","href":"https:\/\/api.w.org\/{rel}","templated":true}]}}